{"id":17,"date":"2025-05-14T11:05:37","date_gmt":"2025-05-14T09:05:37","guid":{"rendered":"https:\/\/www.anima-productions.com\/_clients\/lurcat\/?page_id=17"},"modified":"2025-07-02T15:41:05","modified_gmt":"2025-07-02T13:41:05","slug":"infos-pratiques","status":"publish","type":"page","link":"https:\/\/www.anima-productions.com\/_clients\/lurcat\/infos-pratiques\/","title":{"rendered":"Infos pratiques"},"content":{"rendered":"<\/div> <!-- .LU25_TEXT_CONTAINER --><div class=\"LU25_CONTENT_BLOCK LU25_CONTENT_BLOCK_LARGE LU25_TEXTE_IMAGE  LU25_FLEX_REVERSED \"><div class=\"LU25_TI_VISUEL\" data-speed=\"1.05\"><img decoding=\"async\" src=\"https:\/\/www.anima-productions.com\/_clients\/lurcat\/wp-content\/uploads\/2025\/06\/infpos01.webp\"  loading=\"lazy\"\/><\/div><div class=\"LU25_TI_TEXTE\"><div class=\"LU25_TI_TITRE\">Comment visiter <br \/>\r\nla Maison-atelier Lur\u00e7at ?<\/div><div class=\"LU25_TI_TEXTE_CONTENU\"><p>Afin de respecter ce lieu fragile et exigu, la Maison-atelier Lur\u00e7at se d\u00e9couvre uniquement dans le cadre de visites accompagn\u00e9es et comment\u00e9es.<br \/>\n\u2013 du vendredi au samedi de 10 heures \u00e0 17 heures<br \/>\n\u2013 45 minutes de visite comment\u00e9e<br \/>\n\u2013 12 personnes maximum par visite<\/p>\n<p><strong>1.<\/strong> Achetez votre billet sur notre <a href=\"https:\/\/www.anima-productions.com\/_clients\/lurcat\/billetterie\/\">espace billetterie<\/a><\/p>\n<p><strong>2.<\/strong>\u00a0Le jour de votre venue, veuillez-vous pr\u00e9senter muni de votre billet (imprim\u00e9 ou num\u00e9rique) \u00e0 la Librairie Lur\u00e7at, situ\u00e9e au 101 rue de la Tombe-Issoire (Paris 14<sup>e<\/sup>).<\/p>\n<p><strong>3.<\/strong> Une fois votre billet valid\u00e9 \u00e0 la Librairie, vous recevrez une contremarque \u00e0 pr\u00e9senter \u00e0 l\u2019entr\u00e9e de la Maison-atelier Lur\u00e7at situ\u00e9e \u00e0 proximit\u00e9, au 4, Villa Seurat.<\/p>\n<\/div><\/div><\/div><div class=\"LU25_TEXT_CONTAINER\">\n\n<\/div> <!-- .LU25_TEXT_CONTAINER --><div class=\"LU25_CONTENT_BLOCK LU25_CONTENT_BLOCK_LARGE LU25_TEXTE_IMAGE \"><div class=\"LU25_TI_VISUEL\" data-speed=\"1.05\"><img decoding=\"async\" src=\"https:\/\/www.anima-productions.com\/_clients\/lurcat\/wp-content\/uploads\/2025\/06\/infos02.webp\"  loading=\"lazy\"\/><\/div><div class=\"LU25_TI_TEXTE\"><div class=\"LU25_TI_TITRE\">Tarifs &#038; billetterie<\/div><div class=\"LU25_TI_TEXTE_CONTENU\"><p><span class=\"LU25_tarif\">Plein tarif\u00a0 \u00a0 \u00a0 \u00a0 15\u20ac<\/span><\/p>\n<hr \/>\n<p><span class=\"LU25_tarif\">Tarif r\u00e9duit \u00a0\u00a0\u00a0 10\u20ac<\/span><br \/>\npour les 18-26 ans.<\/p>\n<hr \/>\n<p><span class=\"LU25_tarif\">Gratuit\u00e9<\/span><br \/>\nEnfants de moins de 7 ans, journalistes, membres de l\u2019ICOM et de l\u2019ICOMOS, membres et correspondants des acad\u00e9mies formant l\u2019Institut de France, agents de l\u2019Institut de France et des acad\u00e9mies formant l\u2019Institut de France, enseignants, accompagnateurs de groupes d&rsquo;adultes d&rsquo;au moins 20 personnes, chauffeurs de cars touristiques accompagnant des groupes de visiteurs, guides-conf\u00e9renciers, \u00e9tudiants en beaux-arts ou histoire de l\u2019art, membre de la Maison des artistes, demandeurs d\u2019emploi, personnes en situation de handicap, mutil\u00e9s de guerre, personnel militaire de l\u2019op\u00e9ration \u00ab\u00a0Sentinelle\u00a0\u00bb.<\/p>\n<p><a href=\"https:\/\/www.anima-productions.com\/_clients\/lurcat\/conditions-de-gratuite-du-droit-d-entree\/\">Retrouvez-ici les justificatifs \u00e0 pr\u00e9senter pour b\u00e9n\u00e9ficier de la gratuit\u00e9.<\/a><\/p>\n<hr \/>\n<p>Ces tarifs sont garantis sur pr\u00e9sentation d\u2019un justificatif.<br \/>\nLes seniors et les personnes d\u00e9tentrices de la carte du Minist\u00e8re de la Culture ou de la carte de guide-conf\u00e9rencier ne b\u00e9n\u00e9ficient pas de tarif r\u00e9duit ou de gratuit\u00e9.<\/p>\n<hr \/>\n<p>Nous rappelons \u00e0 nos aimables visiteurs que :<br \/>\n\u2013 les tickets ne peuvent \u00eatre \u00e9chang\u00e9s ni rembours\u00e9s ;<br \/>\n\u2013 les tickets doivent \u00eatre imprim\u00e9s ou t\u00e9l\u00e9charg\u00e9s sur votre smartphone et pr\u00e9sent\u00e9s \u00e0 l\u2019accueil de la librairie Lur\u00e7at, en \u00e9change d\u2019une contremarque.<\/p>\n<\/div><\/div><\/div><div class=\"LU25_TEXT_CONTAINER\">\n\n<\/div> <!-- .LU25_TEXT_CONTAINER --><div class=\"LU25_CONTENT_BLOCK LU25_CONTENT_BLOCK_LARGE LU25_TEXTE_IMAGE  LU25_FLEX_REVERSED \"><div class=\"LU25_TI_VISUEL\" data-speed=\"1.05\"><img decoding=\"async\" src=\"https:\/\/www.anima-productions.com\/_clients\/lurcat\/wp-content\/uploads\/2025\/06\/infpos03.webp\"  loading=\"lazy\"\/><\/div><div class=\"LU25_TI_TEXTE\"><div class=\"LU25_TI_TITRE\">Accessibilit\u00e9<\/div><div class=\"LU25_TI_TEXTE_CONTENU\"><p>\u2014 La Maison-atelier Lur\u00e7at n\u2019est malheureusement pas accessible aux personnes \u00e0 mobilit\u00e9 r\u00e9duite<br \/>\n\u2014 La Maison-atelier Lur\u00e7at ne poss\u00e8de pas de vestiaire, ni de parking \u00e0 v\u00e9lo<br \/>\n\u2014 Les poussettes ne sont pas autoris\u00e9es dans les espaces d\u2019exposition<br \/>\n\u2014 Les animaux ne sont pas autoris\u00e9s dans la Maison-atelier Lur\u00e7at, hormis les chiens guides des personnes en situation d\u2019handicap visuel<\/p>\n<p>&nbsp;<\/p>\n<p>&nbsp;<\/p>\n<\/div><\/div><\/div><div class=\"LU25_TEXT_CONTAINER\">","protected":false},"excerpt":{"rendered":"","protected":false},"author":1,"featured_media":0,"parent":0,"menu_order":0,"comment_status":"closed","ping_status":"closed","template":"","meta":{"_acf_changed":false,"footnotes":""},"class_list":["post-17","page","type-page","status-publish","hentry","entry"],"acf":[],"_links":{"self":[{"href":"https:\/\/www.anima-productions.com\/_clients\/lurcat\/wp-json\/wp\/v2\/pages\/17","targetHints":{"allow":["GET"]}}],"collection":[{"href":"https:\/\/www.anima-productions.com\/_clients\/lurcat\/wp-json\/wp\/v2\/pages"}],"about":[{"href":"https:\/\/www.anima-productions.com\/_clients\/lurcat\/wp-json\/wp\/v2\/types\/page"}],"author":[{"embeddable":true,"href":"https:\/\/www.anima-productions.com\/_clients\/lurcat\/wp-json\/wp\/v2\/users\/1"}],"replies":[{"embeddable":true,"href":"https:\/\/www.anima-productions.com\/_clients\/lurcat\/wp-json\/wp\/v2\/comments?post=17"}],"version-history":[{"count":24,"href":"https:\/\/www.anima-productions.com\/_clients\/lurcat\/wp-json\/wp\/v2\/pages\/17\/revisions"}],"predecessor-version":[{"id":193,"href":"https:\/\/www.anima-productions.com\/_clients\/lurcat\/wp-json\/wp\/v2\/pages\/17\/revisions\/193"}],"wp:attachment":[{"href":"https:\/\/www.anima-productions.com\/_clients\/lurcat\/wp-json\/wp\/v2\/media?parent=17"}],"curies":[{"name":"wp","href":"https:\/\/api.w.org\/{rel}","templated":true}]}}