{"id":173,"date":"2025-06-30T09:34:17","date_gmt":"2025-06-30T07:34:17","guid":{"rendered":"https:\/\/www.anima-productions.com\/_clients\/lurcat\/?page_id=173"},"modified":"2025-06-30T09:43:47","modified_gmt":"2025-06-30T07:43:47","slug":"conditions-de-gratuite-du-droit-d-entree","status":"publish","type":"page","link":"https:\/\/www.anima-productions.com\/_clients\/lurcat\/conditions-de-gratuite-du-droit-d-entree\/","title":{"rendered":"Conditions de gratuit\u00e9 du droit d\u2019entr\u00e9e"},"content":{"rendered":"\n<figure class=\"wp-block-table\"><table class=\"has-fixed-layout\"><thead><tr><th><strong>Personnes concern\u00e9es<\/strong><\/th><th><strong>Justificatif, en cours de validit\u00e9, \u00e0 pr\u00e9senter<\/strong><\/th><\/tr><\/thead><tbody><tr><td>Enfants de moins de 7 ans<\/td><td>Pi\u00e8ce d\u2019identit\u00e9 avec photographie<\/td><\/tr><tr><td>Journalistes<\/td><td>Carte de presse<\/td><\/tr><tr><td>Membres de l\u2019ICOM et de l\u2019ICOMOS<\/td><td>Carte de membre<\/td><\/tr><tr><td>Membres et correspondants des acad\u00e9mies formant l\u2019Institut de France\u2028 + 1 accompagnateur adulte et 2 enfants<\/td><td>Carte de membre et de correspondant de l\u2019Institut<\/td><\/tr><tr><td>Agents de l\u2019Institut de France et des acad\u00e9mies formant l\u2019Institut de France\u2028 + 1 accompagnateur adulte et 2 enfants<\/td><td>Carte verte \u00ab O<em>ffre sociale et culturelle <\/em>\u00bb<\/td><\/tr><tr><td>Enseignants<\/td><td>Carte \u00ab <em>Pass Education \u00bb <\/em>au format physique<\/td><\/tr><tr><td>Accompagnateurs de groupes scolaires dans la limite de<br>&#8211; 1 accompagnateur pour 8 \u00e9l\u00e8ves pour les \u00e9coles maternelles<br>&#8211; 1 accompagnateur pour 15 \u00e9l\u00e8ves<br>pour les \u00e9coles \u00e9l\u00e9mentaires, coll\u00e8ges et lyc\u00e9es<\/td><td>\u2014<\/td><\/tr><tr><td>Accompagnateurs de groupes d&rsquo;adultes d&rsquo;au moins 20 personnes dans la limite d&rsquo;un par groupe<\/td><td>\u2014<\/td><\/tr><tr><td>Chauffeurs de cars touristiques accompagnant<br>des groupes de visiteurs<\/td><td>\u2014<\/td><\/tr><tr><td>Guides-conf\u00e9renciers<\/td><td>Carte professionnelle<\/td><\/tr><tr><td>\u00c9tudiants en beaux-arts (architecture, design, stylisme, sculpture, peinture, arts plastiques, arts appliqu\u00e9s, arts d\u00e9coratifs) ou histoire de l\u2019art<\/td><td>Carte de scolarit\u00e9 ou d\u2019\u00e9tudiant mentionnant la fili\u00e8re artistique<\/td><\/tr><tr><td>Membre de la Maison des artistes<\/td><td>Carte d\u2019adh\u00e9rent<\/td><\/tr><tr><td>Titulaires des minima sociaux<\/td><td>Justificatifs r\u00e9dig\u00e9s en fran\u00e7ais : attestation de paiement (RSA), d&rsquo;admission ou d&rsquo;indemnisation (ASS), de situation ou d&rsquo;admission (CMU) ASPA (allocation de solidarit\u00e9 aux personnes \u00e2g\u00e9es), ASF (allocation de soutien familial), ATA (allocation temporaire d&rsquo;attente), AMS (allocation mensuelle de subsistance), ATE (allocation transitoire de solidarit\u00e9), AER (allocation \u00e9quivalent retraite), AME (aide m\u00e9dicale de l&rsquo;Etat), demandeurs d&rsquo;asile \/ r\u00e9fugi\u00e9s<\/td><\/tr><tr><td>Demandeurs d\u2019emploi<\/td><td>Justificatif de P\u00f4le emploi de moins de 6 mois<\/td><\/tr><tr><td>Personnes en situation de handicap + 1 accompagnateur<\/td><td>Carte \u00ab Mobilit\u00e9 Inclusion Invalidit\u00e9 \u00bb. La carte<br>\u00ab Mobilit\u00e9 Inclusion Priorit\u00e9 \u00bb seule ainsi que la carte de stationnement n\u2019ouvrent pas droit \u00e0 la gratuit\u00e9<\/td><\/tr><tr><td>Mutil\u00e9s de guerre + 1 accompagnateur<\/td><td>Carte de l\u2019ONAC<\/td><\/tr><tr><td>Personnel militaire de l\u2019op\u00e9ration \u00ab Sentinelle \u00bb<\/td><td>Carte \u00ab op\u00e9ration Sentinelle \u00bb<\/td><\/tr><\/tbody><\/table><\/figure>\n\n\n\n<p><\/p>\n","protected":false},"excerpt":{"rendered":"","protected":false},"author":1,"featured_media":0,"parent":0,"menu_order":0,"comment_status":"closed","ping_status":"closed","template":"","meta":{"_acf_changed":false,"footnotes":""},"class_list":["post-173","page","type-page","status-publish","hentry","entry"],"acf":[],"_links":{"self":[{"href":"https:\/\/www.anima-productions.com\/_clients\/lurcat\/wp-json\/wp\/v2\/pages\/173","targetHints":{"allow":["GET"]}}],"collection":[{"href":"https:\/\/www.anima-productions.com\/_clients\/lurcat\/wp-json\/wp\/v2\/pages"}],"about":[{"href":"https:\/\/www.anima-productions.com\/_clients\/lurcat\/wp-json\/wp\/v2\/types\/page"}],"author":[{"embeddable":true,"href":"https:\/\/www.anima-productions.com\/_clients\/lurcat\/wp-json\/wp\/v2\/users\/1"}],"replies":[{"embeddable":true,"href":"https:\/\/www.anima-productions.com\/_clients\/lurcat\/wp-json\/wp\/v2\/comments?post=173"}],"version-history":[{"count":3,"href":"https:\/\/www.anima-productions.com\/_clients\/lurcat\/wp-json\/wp\/v2\/pages\/173\/revisions"}],"predecessor-version":[{"id":177,"href":"https:\/\/www.anima-productions.com\/_clients\/lurcat\/wp-json\/wp\/v2\/pages\/173\/revisions\/177"}],"wp:attachment":[{"href":"https:\/\/www.anima-productions.com\/_clients\/lurcat\/wp-json\/wp\/v2\/media?parent=173"}],"curies":[{"name":"wp","href":"https:\/\/api.w.org\/{rel}","templated":true}]}}