{"id":68,"date":"2025-06-16T14:03:41","date_gmt":"2025-06-16T12:03:41","guid":{"rendered":"https:\/\/www.anima-productions.com\/_clients\/lurcat\/?page_id=68"},"modified":"2025-07-02T14:11:29","modified_gmt":"2025-07-02T12:11:29","slug":"billetterie","status":"publish","type":"page","link":"https:\/\/www.anima-productions.com\/_clients\/lurcat\/billetterie\/","title":{"rendered":"Billetterie"},"content":{"rendered":"\n<div class=\"wp-block-columns is-layout-flex wp-container-core-columns-is-layout-9d6595d7 wp-block-columns-is-layout-flex\">\n<div class=\"wp-block-column is-layout-flow wp-block-column-is-layout-flow\">\n<figure class=\"wp-block-image size-full\"><img loading=\"lazy\" decoding=\"async\" width=\"740\" height=\"901\" src=\"https:\/\/www.anima-productions.com\/_clients\/lurcat\/wp-content\/uploads\/2025\/06\/infpos03.webp\" alt=\"\" class=\"wp-image-96\" srcset=\"https:\/\/www.anima-productions.com\/_clients\/lurcat\/wp-content\/uploads\/2025\/06\/infpos03.webp 740w, https:\/\/www.anima-productions.com\/_clients\/lurcat\/wp-content\/uploads\/2025\/06\/infpos03-246x300.webp 246w\" sizes=\"auto, (max-width: 740px) 100vw, 740px\" \/><\/figure>\n<\/div>\n\n\n\n<div class=\"wp-block-column is-layout-flow wp-block-column-is-layout-flow\">\n<p class=\"has-background\" style=\"background-color:#d9462963;padding-top:var(--wp--preset--spacing--50);padding-right:var(--wp--preset--spacing--50);padding-bottom:var(--wp--preset--spacing--50);padding-left:var(--wp--preset--spacing--50)\"><br>La Maison-atelier Lur\u00e7at conna\u00eet actuellement une forte affluence. Les prochains cr\u00e9neaux de visite disponibles sont fix\u00e9s au 5 septembre prochain. Nous vous prions de nous en excuser pour ce d\u00e9lai et nous comptons sur votre compr\u00e9hension.<\/p>\n\n\n\n<a title=\"Vente de billets en ligne\" href=\"https:\/\/www.billetweb.fr\/shop.php?event=visite-de-la-maison-atelier-lurcat\"  class=\"shop_frame\"  target=\"_blank\"  data-src=\"https:\/\/www.billetweb.fr\/shop.php?event=visite-de-la-maison-atelier-lurcat\"  data-max-width=\"100%\"  data-initial-height=\"600\" data-scrolling=\"no\"  data-id=\"visite-de-la-maison-atelier-lurcat\"  data-resize=\"1\">Vente de billets en ligne<\/a><script type=\"text\/javascript\" src=\"https:\/\/www.billetweb.fr\/js\/export.js\"><\/script>\n<\/div>\n<\/div>\n","protected":false},"excerpt":{"rendered":"","protected":false},"author":1,"featured_media":0,"parent":0,"menu_order":0,"comment_status":"closed","ping_status":"closed","template":"","meta":{"_acf_changed":false,"footnotes":""},"class_list":["post-68","page","type-page","status-publish","hentry","entry"],"acf":[],"_links":{"self":[{"href":"https:\/\/www.anima-productions.com\/_clients\/lurcat\/wp-json\/wp\/v2\/pages\/68","targetHints":{"allow":["GET"]}}],"collection":[{"href":"https:\/\/www.anima-productions.com\/_clients\/lurcat\/wp-json\/wp\/v2\/pages"}],"about":[{"href":"https:\/\/www.anima-productions.com\/_clients\/lurcat\/wp-json\/wp\/v2\/types\/page"}],"author":[{"embeddable":true,"href":"https:\/\/www.anima-productions.com\/_clients\/lurcat\/wp-json\/wp\/v2\/users\/1"}],"replies":[{"embeddable":true,"href":"https:\/\/www.anima-productions.com\/_clients\/lurcat\/wp-json\/wp\/v2\/comments?post=68"}],"version-history":[{"count":8,"href":"https:\/\/www.anima-productions.com\/_clients\/lurcat\/wp-json\/wp\/v2\/pages\/68\/revisions"}],"predecessor-version":[{"id":186,"href":"https:\/\/www.anima-productions.com\/_clients\/lurcat\/wp-json\/wp\/v2\/pages\/68\/revisions\/186"}],"wp:attachment":[{"href":"https:\/\/www.anima-productions.com\/_clients\/lurcat\/wp-json\/wp\/v2\/media?parent=68"}],"curies":[{"name":"wp","href":"https:\/\/api.w.org\/{rel}","templated":true}]}}