{"id":7,"date":"2025-05-14T11:03:29","date_gmt":"2025-05-14T09:03:29","guid":{"rendered":"https:\/\/www.anima-productions.com\/_clients\/lurcat\/?page_id=7"},"modified":"2025-07-02T15:37:02","modified_gmt":"2025-07-02T13:37:02","slug":"la-maison-atelier","status":"publish","type":"page","link":"https:\/\/www.anima-productions.com\/_clients\/lurcat\/la-maison-atelier\/","title":{"rendered":"La Maison-atelier Lur\u00e7at"},"content":{"rendered":"<div class=\"LU25_CONTENT_BLOCK LU25_CHAPEAU LU25_CHAPEAU_droite\"><p>La Maison-atelier Lur\u00e7at f\u00eate son centenaire. Construite en 1925 par le fre\u0300re de l\u2019artiste Jean Lurc\u0327at (1892-1966), l\u2019architecte Andre\u0301 Lurc\u0327at (1894-1970), elle est la premie\u0300re des huit maisons construites pour des artistes entre 1925 et 1929 dans l\u2019impasse de la Villa Seurat a\u0300 Paris. Son esthe\u0301tique moderniste n\u2019a pas vieilli et les ame\u0301nagements inte\u0301rieurs des espaces de vie correspondent encore a\u0300 notre fac\u0327on d\u2019habiter. L\u00e9gu\u00e9e \u00e0 l\u2019Acad\u00e9mie des beaux-arts avec les collections qu\u2019elle abrite et apr\u00e8s une importante campagne de travaux de restauration, elle ouvre au public afin que le visiteur d\u00e9couvre le cadre de vie de l\u2019artiste. Dans les pi\u00e8ces d\u00e9pourvues de mobilier d\u2019origine, une sc\u00e9nographie permet de se familiariser avec d\u2019autres \u0153uvres issues de la collection de l\u2019artiste, par rotation, et d\u00e9couvrir les nouvelles acquisitions.<\/p>\n<\/div>\n\n<\/div> <!-- .LU25_TEXT_CONTAINER --><div class=\"LU25_CONTENT_BLOCK LU25_CONTENT_BLOCK_LARGE LU25_TEXTE_IMAGE \"><div class=\"LU25_TI_VISUEL\" data-speed=\"1.05\"><video autoplay=\"true\" muted=\"\" loop=\"\" playsinline=\"\"><source src=\"https:\/\/www.anima-productions.com\/_clients\/lurcat\/wp-content\/uploads\/2025\/06\/video_interieur_1.mp4\" type=\"video\/mp4\"><\/video><\/div><div class=\"LU25_TI_TEXTE\"><div class=\"LU25_TI_TITRE\">La renaissance <br \/>\r\nd\u2019une maison d\u2019artiste<\/div><div class=\"LU25_TI_TEXTE_CONTENU\"><p>La Maison-atelier est la premi\u00e8re des huit maisons construites entre 1925 et 1928 dans l\u2019impasse de la Villa Seurat par le fr\u00e8re du peintre Jean Lur\u00e7at (1892-1966), l\u2019architecte Andr\u00e9 Lur\u00e7at (1894-1970). Chef-d\u2019\u0153uvre du Mouvement moderne parisien, maintenue dans son \u00e9tat d\u2019origine avec son d\u00e9cor et son mobilier, la Maison-atelier a \u00e9t\u00e9 class\u00e9e monument Historique en 2018.<\/p>\n<p>La Maison-atelier est rest\u00e9e \u00e0 peu de chose pr\u00e8s dans l\u2019\u00e9tat o\u00f9 Jean Lur\u00e7at l\u2019avait quitt\u00e9e avant de partir pour Saint Paul de Vence, o\u00f9 la mort devait le surprendre le 6 janvier 1966. Les modifications effectu\u00e9es \u00e0 la fin des ann\u00e9es 50 et, notamment, la construction d\u2019un immeuble c\u00f4t\u00e9 nord, ne rendaient plus lisible le propos architectural d\u2019Andr\u00e9 qui avait con\u00e7u la Maison-atelier avec une distribution traversante. Pour retrouver l\u2019atmosph\u00e8re de celle-ci, la terrasse du premier \u00e9tage a \u00e9t\u00e9 r\u00e9tablie, permettant un \u00e9clairage naturel gr\u00e2ce \u00e0 une verri\u00e8re. \u00c0 l\u2019issue d\u2019une importante campagne de travaux, la Maison-atelier a retrouv\u00e9 ses fa\u00e7ades telles qu\u2019elles \u00e9taient dans les ann\u00e9es 30, \u00e0 l\u2019\u00e9poque de sa sur\u00e9l\u00e9vation et de la cr\u00e9ation pour d\u2019un second atelier.<\/p>\n<p>Expression de l\u2019architecture moderniste, class\u00e9e monument historique en 2018, la Maison-atelier Lur\u00e7at, d\u00e9sormais ouverte au public selon la volont\u00e9 Simone Lur\u00e7at, devient aussi un lieu de pr\u00e9sentation de l\u2019\u0153uvre de Lur\u00e7at.<\/p>\n<\/div><\/div><\/div><div class=\"LU25_TEXT_CONTAINER\">","protected":false},"excerpt":{"rendered":"<p>La Maison-atelier Lur\u00e7at f\u00eate son centenaire. Construite en 1925 par le fre\u0300re de l\u2019artiste Jean Lurc\u0327at (1892-1966), l\u2019architecte Andre\u0301 Lurc\u0327at (1894-1970), elle est la premie\u0300re des huit maisons construites pour des artistes entre 1925 et 1929 dans l\u2019impasse de la Villa Seurat a\u0300 Paris. Son esthe\u0301tique moderniste n\u2019a pas vieilli et les ame\u0301nagements inte\u0301rieurs des&hellip; <a class=\"more-link\" href=\"https:\/\/www.anima-productions.com\/_clients\/lurcat\/la-maison-atelier\/\">Continue reading <span class=\"screen-reader-text\">La Maison-atelier Lur\u00e7at<\/span><\/a><\/p>\n","protected":false},"author":1,"featured_media":0,"parent":0,"menu_order":0,"comment_status":"closed","ping_status":"closed","template":"","meta":{"_acf_changed":false,"footnotes":""},"class_list":["post-7","page","type-page","status-publish","hentry","entry"],"acf":[],"_links":{"self":[{"href":"https:\/\/www.anima-productions.com\/_clients\/lurcat\/wp-json\/wp\/v2\/pages\/7","targetHints":{"allow":["GET"]}}],"collection":[{"href":"https:\/\/www.anima-productions.com\/_clients\/lurcat\/wp-json\/wp\/v2\/pages"}],"about":[{"href":"https:\/\/www.anima-productions.com\/_clients\/lurcat\/wp-json\/wp\/v2\/types\/page"}],"author":[{"embeddable":true,"href":"https:\/\/www.anima-productions.com\/_clients\/lurcat\/wp-json\/wp\/v2\/users\/1"}],"replies":[{"embeddable":true,"href":"https:\/\/www.anima-productions.com\/_clients\/lurcat\/wp-json\/wp\/v2\/comments?post=7"}],"version-history":[{"count":20,"href":"https:\/\/www.anima-productions.com\/_clients\/lurcat\/wp-json\/wp\/v2\/pages\/7\/revisions"}],"predecessor-version":[{"id":190,"href":"https:\/\/www.anima-productions.com\/_clients\/lurcat\/wp-json\/wp\/v2\/pages\/7\/revisions\/190"}],"wp:attachment":[{"href":"https:\/\/www.anima-productions.com\/_clients\/lurcat\/wp-json\/wp\/v2\/media?parent=7"}],"curies":[{"name":"wp","href":"https:\/\/api.w.org\/{rel}","templated":true}]}}